{"id":539,"date":"2022-11-25T11:29:38","date_gmt":"2022-11-25T15:29:38","guid":{"rendered":"https:\/\/maonneriemudev.wpengine.com\/accreditations\/"},"modified":"2023-02-21T09:46:37","modified_gmt":"2023-02-21T13:46:37","slug":"accreditations","status":"publish","type":"page","link":"https:\/\/maconneriemurphy.com\/en-ca\/accreditations\/","title":{"rendered":"Accreditations"},"content":{"rendered":"\t\t<div data-elementor-type=\"wp-page\" data-elementor-id=\"539\" class=\"elementor elementor-539 elementor-62\" data-elementor-post-type=\"page\">\n\t\t\t\t\t\t<section class=\"elementor-section elementor-top-section elementor-element elementor-element-deb64fa elementor-section-boxed elementor-section-height-default elementor-section-height-default\" data-id=\"deb64fa\" data-element_type=\"section\" data-e-type=\"section\" data-settings=\"{&quot;background_background&quot;:&quot;gradient&quot;}\">\n\t\t\t\t\t\t<div class=\"elementor-container elementor-column-gap-default\">\n\t\t\t\t\t<div class=\"elementor-column elementor-col-50 elementor-top-column elementor-element elementor-element-947d281 animated-fast elementor-invisible\" data-id=\"947d281\" data-element_type=\"column\" data-e-type=\"column\" data-settings=\"{&quot;animation&quot;:&quot;fadeInLeft&quot;}\">\n\t\t\t<div class=\"elementor-widget-wrap elementor-element-populated\">\n\t\t\t\t\t\t<div class=\"elementor-element elementor-element-88de009 elementor-widget elementor-widget-heading\" data-id=\"88de009\" data-element_type=\"widget\" data-e-type=\"widget\" data-widget_type=\"heading.default\">\n\t\t\t\t<div class=\"elementor-widget-container\">\n\t\t\t\t\t<h1 class=\"elementor-heading-title elementor-size-default\">Our accreditations<\/h1>\t\t\t\t<\/div>\n\t\t\t\t<\/div>\n\t\t\t\t<div class=\"elementor-element elementor-element-6c1e4eb elementor-widget-divider--view-line elementor-widget elementor-widget-divider\" data-id=\"6c1e4eb\" data-element_type=\"widget\" data-e-type=\"widget\" data-widget_type=\"divider.default\">\n\t\t\t\t<div class=\"elementor-widget-container\">\n\t\t\t\t\t\t\t<div class=\"elementor-divider\">\n\t\t\t<span class=\"elementor-divider-separator\">\n\t\t\t\t\t\t<\/span>\n\t\t<\/div>\n\t\t\t\t\t\t<\/div>\n\t\t\t\t<\/div>\n\t\t\t\t<div class=\"elementor-element elementor-element-6a25a88 elementor-widget elementor-widget-text-editor\" data-id=\"6a25a88\" data-element_type=\"widget\" data-e-type=\"widget\" data-widget_type=\"text-editor.default\">\n\t\t\t\t<div class=\"elementor-widget-container\">\n\t\t\t\t\t\t\t\t\t<p>Our masonry company has several accreditations to offer you exemplary service.<\/p>\n\t\t\t\t\t\t\t\t<\/div>\n\t\t\t\t<\/div>\n\t\t\t\t<div class=\"elementor-element elementor-element-c50cecb elementor-mobile-align-left elementor-widget elementor-widget-button\" data-id=\"c50cecb\" data-element_type=\"widget\" data-e-type=\"widget\" data-widget_type=\"button.default\">\n\t\t\t\t<div class=\"elementor-widget-container\">\n\t\t\t\t\t\t\t\t\t<div class=\"elementor-button-wrapper\">\n\t\t\t\t\t<a class=\"elementor-button elementor-button-link elementor-size-sm elementor-animation-grow\" href=\"https:\/\/maconneriemurphy.com\/en-ca\/contact-us\/\">\n\t\t\t\t\t\t<span class=\"elementor-button-content-wrapper\">\n\t\t\t\t\t\t\t\t\t<span class=\"elementor-button-text\">REQUEST A QUOTE<\/span>\n\t\t\t\t\t<\/span>\n\t\t\t\t\t<\/a>\n\t\t\t\t<\/div>\n\t\t\t\t\t\t\t\t<\/div>\n\t\t\t\t<\/div>\n\t\t\t\t\t<\/div>\n\t\t<\/div>\n\t\t\t\t<div class=\"elementor-column elementor-col-50 elementor-top-column elementor-element elementor-element-702a31a\" data-id=\"702a31a\" data-element_type=\"column\" data-e-type=\"column\">\n\t\t\t<div class=\"elementor-widget-wrap elementor-element-populated\">\n\t\t\t\t\t\t<section class=\"elementor-section elementor-inner-section elementor-element elementor-element-834d93c elementor-section-boxed elementor-section-height-default elementor-section-height-default\" data-id=\"834d93c\" data-element_type=\"section\" data-e-type=\"section\">\n\t\t\t\t\t\t<div class=\"elementor-container elementor-column-gap-default\">\n\t\t\t\t\t<div class=\"elementor-column elementor-col-50 elementor-inner-column elementor-element elementor-element-15f1760 elementor-invisible\" data-id=\"15f1760\" data-element_type=\"column\" data-e-type=\"column\" data-settings=\"{&quot;animation&quot;:&quot;fadeIn&quot;,&quot;animation_delay&quot;:300}\">\n\t\t\t<div class=\"elementor-widget-wrap elementor-element-populated\">\n\t\t\t\t\t\t<div class=\"elementor-element elementor-element-737564e elementor-view-default elementor-widget elementor-widget-icon\" data-id=\"737564e\" data-element_type=\"widget\" data-e-type=\"widget\" data-widget_type=\"icon.default\">\n\t\t\t\t<div class=\"elementor-widget-container\">\n\t\t\t\t\t\t\t<div class=\"elementor-icon-wrapper\">\n\t\t\t<div class=\"elementor-icon\">\n\t\t\t<svg xmlns=\"http:\/\/www.w3.org\/2000\/svg\" width=\"51.794\" height=\"75\" viewBox=\"0 0 51.794 75\"><g id=\"accreditation\" transform=\"translate(-36.914 -24.768)\"><path id=\"Trac&#xE9;_16\" data-name=\"Trac&#xE9; 16\" d=\"M88.507,90.056,76.292,67.417a23.456,23.456,0,1,0-26.97,0L37.115,90.056a1.673,1.673,0,0,0,2.023,2.374l8.949-3.122L50.394,98.5a1.674,1.674,0,0,0,1.415,1.253,1.705,1.705,0,0,0,.208.012,1.671,1.671,0,0,0,1.471-.879l9.322-17.278L72.132,98.89a1.671,1.671,0,0,0,1.471.879,1.706,1.706,0,0,0,.208-.012A1.674,1.674,0,0,0,75.227,98.5l2.308-9.194,8.95,3.122a1.673,1.673,0,0,0,2.023-2.374ZM42.7,48.242a20.11,20.11,0,1,1,20.11,20.11A20.11,20.11,0,0,1,42.7,48.242Zm9.891,45.266-1.7-6.788a1.674,1.674,0,0,0-2.174-1.173l-6.609,2.305L52.2,69.147a23.278,23.278,0,0,0,4.885,1.84l3.831,7.1Zm24.316-7.961a1.674,1.674,0,0,0-2.174,1.173l-1.7,6.788-11.8-21.869c.522.034,1.047.059,1.578.059a23.305,23.305,0,0,0,10.613-2.551l10.093,18.7Z\" transform=\"translate(0 0)\" fill=\"#fff\"><\/path><path id=\"Trac&#xE9;_17\" data-name=\"Trac&#xE9; 17\" d=\"M70.515,61.358A1.672,1.672,0,0,0,72.942,59.6l-1.372-8,5.811-5.664a1.673,1.673,0,0,0-.927-2.854l-8.031-1.167-3.592-7.277a1.673,1.673,0,0,0-3,0l-3.592,7.277-8.031,1.167a1.673,1.673,0,0,0-.927,2.854L55.091,51.6l-1.372,8a1.672,1.672,0,0,0,2.428,1.763l7.185-3.776ZM57.6,56.819l.947-5.523a1.675,1.675,0,0,0-.478-1.481L54.049,45.9l5.545-.805a1.674,1.674,0,0,0,1.26-.916l2.477-5.025,2.48,5.025a1.674,1.674,0,0,0,1.26.916l5.545.805L68.6,49.814a1.675,1.675,0,0,0-.478,1.481l.945,5.523-4.961-2.607a1.672,1.672,0,0,0-1.557,0Z\" transform=\"translate(-0.521 -0.392)\" fill=\"#fff\"><\/path><\/g><\/svg>\t\t\t<\/div>\n\t\t<\/div>\n\t\t\t\t\t\t<\/div>\n\t\t\t\t<\/div>\n\t\t\t\t<div class=\"elementor-element elementor-element-9a6fb9f elementor-widget elementor-widget-heading\" data-id=\"9a6fb9f\" data-element_type=\"widget\" data-e-type=\"widget\" data-widget_type=\"heading.default\">\n\t\t\t\t<div class=\"elementor-widget-container\">\n\t\t\t\t\t<h2 class=\"elementor-heading-title elementor-size-default\">Building management<\/h2>\t\t\t\t<\/div>\n\t\t\t\t<\/div>\n\t\t\t\t<div class=\"elementor-element elementor-element-73be113 elementor-widget elementor-widget-text-editor\" data-id=\"73be113\" data-element_type=\"widget\" data-e-type=\"widget\" data-widget_type=\"text-editor.default\">\n\t\t\t\t<div class=\"elementor-widget-container\">\n\t\t\t\t\t\t\t\t\t<p>R\u00e9gie du b\u00e2timent Qu\u00e9bec # 5595-4176-01<\/p>\n\t\t\t\t\t\t\t\t<\/div>\n\t\t\t\t<\/div>\n\t\t\t\t\t<\/div>\n\t\t<\/div>\n\t\t\t\t<div class=\"elementor-column elementor-col-50 elementor-inner-column elementor-element elementor-element-68e5ce7 elementor-invisible\" data-id=\"68e5ce7\" data-element_type=\"column\" data-e-type=\"column\" data-settings=\"{&quot;animation&quot;:&quot;fadeIn&quot;,&quot;animation_delay&quot;:600}\">\n\t\t\t<div class=\"elementor-widget-wrap elementor-element-populated\">\n\t\t\t\t\t\t<div class=\"elementor-element elementor-element-8fee317 elementor-view-default elementor-widget elementor-widget-icon\" data-id=\"8fee317\" data-element_type=\"widget\" data-e-type=\"widget\" data-widget_type=\"icon.default\">\n\t\t\t\t<div class=\"elementor-widget-container\">\n\t\t\t\t\t\t\t<div class=\"elementor-icon-wrapper\">\n\t\t\t<div class=\"elementor-icon\">\n\t\t\t<svg xmlns=\"http:\/\/www.w3.org\/2000\/svg\" width=\"51.794\" height=\"75\" viewBox=\"0 0 51.794 75\"><g id=\"accreditation\" transform=\"translate(-36.914 -24.768)\"><path id=\"Trac&#xE9;_16\" data-name=\"Trac&#xE9; 16\" d=\"M88.507,90.056,76.292,67.417a23.456,23.456,0,1,0-26.97,0L37.115,90.056a1.673,1.673,0,0,0,2.023,2.374l8.949-3.122L50.394,98.5a1.674,1.674,0,0,0,1.415,1.253,1.705,1.705,0,0,0,.208.012,1.671,1.671,0,0,0,1.471-.879l9.322-17.278L72.132,98.89a1.671,1.671,0,0,0,1.471.879,1.706,1.706,0,0,0,.208-.012A1.674,1.674,0,0,0,75.227,98.5l2.308-9.194,8.95,3.122a1.673,1.673,0,0,0,2.023-2.374ZM42.7,48.242a20.11,20.11,0,1,1,20.11,20.11A20.11,20.11,0,0,1,42.7,48.242Zm9.891,45.266-1.7-6.788a1.674,1.674,0,0,0-2.174-1.173l-6.609,2.305L52.2,69.147a23.278,23.278,0,0,0,4.885,1.84l3.831,7.1Zm24.316-7.961a1.674,1.674,0,0,0-2.174,1.173l-1.7,6.788-11.8-21.869c.522.034,1.047.059,1.578.059a23.305,23.305,0,0,0,10.613-2.551l10.093,18.7Z\" transform=\"translate(0 0)\" fill=\"#fff\"><\/path><path id=\"Trac&#xE9;_17\" data-name=\"Trac&#xE9; 17\" d=\"M70.515,61.358A1.672,1.672,0,0,0,72.942,59.6l-1.372-8,5.811-5.664a1.673,1.673,0,0,0-.927-2.854l-8.031-1.167-3.592-7.277a1.673,1.673,0,0,0-3,0l-3.592,7.277-8.031,1.167a1.673,1.673,0,0,0-.927,2.854L55.091,51.6l-1.372,8a1.672,1.672,0,0,0,2.428,1.763l7.185-3.776ZM57.6,56.819l.947-5.523a1.675,1.675,0,0,0-.478-1.481L54.049,45.9l5.545-.805a1.674,1.674,0,0,0,1.26-.916l2.477-5.025,2.48,5.025a1.674,1.674,0,0,0,1.26.916l5.545.805L68.6,49.814a1.675,1.675,0,0,0-.478,1.481l.945,5.523-4.961-2.607a1.672,1.672,0,0,0-1.557,0Z\" transform=\"translate(-0.521 -0.392)\" fill=\"#fff\"><\/path><\/g><\/svg>\t\t\t<\/div>\n\t\t<\/div>\n\t\t\t\t\t\t<\/div>\n\t\t\t\t<\/div>\n\t\t\t\t<div class=\"elementor-element elementor-element-883fbad elementor-widget elementor-widget-heading\" data-id=\"883fbad\" data-element_type=\"widget\" data-e-type=\"widget\" data-widget_type=\"heading.default\">\n\t\t\t\t<div class=\"elementor-widget-container\">\n\t\t\t\t\t<h2 class=\"elementor-heading-title elementor-size-default\">Contractor in good standing<\/h2>\t\t\t\t<\/div>\n\t\t\t\t<\/div>\n\t\t\t\t<div class=\"elementor-element elementor-element-3591d66 elementor-widget elementor-widget-text-editor\" data-id=\"3591d66\" data-element_type=\"widget\" data-e-type=\"widget\" data-widget_type=\"text-editor.default\">\n\t\t\t\t<div class=\"elementor-widget-container\">\n\t\t\t\t\t\t\t\t\t<p>Occupational Health and Safety Commission, CSST<\/p>\n\t\t\t\t\t\t\t\t<\/div>\n\t\t\t\t<\/div>\n\t\t\t\t\t<\/div>\n\t\t<\/div>\n\t\t\t\t\t<\/div>\n\t\t<\/section>\n\t\t\t\t<section class=\"elementor-section elementor-inner-section elementor-element elementor-element-1ce0864 elementor-section-boxed elementor-section-height-default elementor-section-height-default\" data-id=\"1ce0864\" data-element_type=\"section\" data-e-type=\"section\">\n\t\t\t\t\t\t<div class=\"elementor-container elementor-column-gap-default\">\n\t\t\t\t\t<div class=\"elementor-column elementor-col-50 elementor-inner-column elementor-element elementor-element-5606bb3 elementor-invisible\" data-id=\"5606bb3\" data-element_type=\"column\" data-e-type=\"column\" data-settings=\"{&quot;animation&quot;:&quot;fadeIn&quot;,&quot;animation_delay&quot;:900}\">\n\t\t\t<div class=\"elementor-widget-wrap elementor-element-populated\">\n\t\t\t\t\t\t<div class=\"elementor-element elementor-element-5ff00e0 elementor-view-default elementor-widget elementor-widget-icon\" data-id=\"5ff00e0\" data-element_type=\"widget\" data-e-type=\"widget\" data-widget_type=\"icon.default\">\n\t\t\t\t<div class=\"elementor-widget-container\">\n\t\t\t\t\t\t\t<div class=\"elementor-icon-wrapper\">\n\t\t\t<div class=\"elementor-icon\">\n\t\t\t<svg xmlns=\"http:\/\/www.w3.org\/2000\/svg\" width=\"51.794\" height=\"75\" viewBox=\"0 0 51.794 75\"><g id=\"accreditation\" transform=\"translate(-36.914 -24.768)\"><path id=\"Trac&#xE9;_16\" data-name=\"Trac&#xE9; 16\" d=\"M88.507,90.056,76.292,67.417a23.456,23.456,0,1,0-26.97,0L37.115,90.056a1.673,1.673,0,0,0,2.023,2.374l8.949-3.122L50.394,98.5a1.674,1.674,0,0,0,1.415,1.253,1.705,1.705,0,0,0,.208.012,1.671,1.671,0,0,0,1.471-.879l9.322-17.278L72.132,98.89a1.671,1.671,0,0,0,1.471.879,1.706,1.706,0,0,0,.208-.012A1.674,1.674,0,0,0,75.227,98.5l2.308-9.194,8.95,3.122a1.673,1.673,0,0,0,2.023-2.374ZM42.7,48.242a20.11,20.11,0,1,1,20.11,20.11A20.11,20.11,0,0,1,42.7,48.242Zm9.891,45.266-1.7-6.788a1.674,1.674,0,0,0-2.174-1.173l-6.609,2.305L52.2,69.147a23.278,23.278,0,0,0,4.885,1.84l3.831,7.1Zm24.316-7.961a1.674,1.674,0,0,0-2.174,1.173l-1.7,6.788-11.8-21.869c.522.034,1.047.059,1.578.059a23.305,23.305,0,0,0,10.613-2.551l10.093,18.7Z\" transform=\"translate(0 0)\" fill=\"#fff\"><\/path><path id=\"Trac&#xE9;_17\" data-name=\"Trac&#xE9; 17\" d=\"M70.515,61.358A1.672,1.672,0,0,0,72.942,59.6l-1.372-8,5.811-5.664a1.673,1.673,0,0,0-.927-2.854l-8.031-1.167-3.592-7.277a1.673,1.673,0,0,0-3,0l-3.592,7.277-8.031,1.167a1.673,1.673,0,0,0-.927,2.854L55.091,51.6l-1.372,8a1.672,1.672,0,0,0,2.428,1.763l7.185-3.776ZM57.6,56.819l.947-5.523a1.675,1.675,0,0,0-.478-1.481L54.049,45.9l5.545-.805a1.674,1.674,0,0,0,1.26-.916l2.477-5.025,2.48,5.025a1.674,1.674,0,0,0,1.26.916l5.545.805L68.6,49.814a1.675,1.675,0,0,0-.478,1.481l.945,5.523-4.961-2.607a1.672,1.672,0,0,0-1.557,0Z\" transform=\"translate(-0.521 -0.392)\" fill=\"#fff\"><\/path><\/g><\/svg>\t\t\t<\/div>\n\t\t<\/div>\n\t\t\t\t\t\t<\/div>\n\t\t\t\t<\/div>\n\t\t\t\t<div class=\"elementor-element elementor-element-99d9b92 elementor-widget elementor-widget-heading\" data-id=\"99d9b92\" data-element_type=\"widget\" data-e-type=\"widget\" data-widget_type=\"heading.default\">\n\t\t\t\t<div class=\"elementor-widget-container\">\n\t\t\t\t\t<h2 class=\"elementor-heading-title elementor-size-default\">Occupational Health and Safety Commission, CSST<\/h2>\t\t\t\t<\/div>\n\t\t\t\t<\/div>\n\t\t\t\t<div class=\"elementor-element elementor-element-038fe7d elementor-widget elementor-widget-text-editor\" data-id=\"038fe7d\" data-element_type=\"widget\" data-e-type=\"widget\" data-widget_type=\"text-editor.default\">\n\t\t\t\t<div class=\"elementor-widget-container\">\n\t\t\t\t\t\t\t\t\t<p>We have insurance and surety bonds.<\/p>\n\t\t\t\t\t\t\t\t<\/div>\n\t\t\t\t<\/div>\n\t\t\t\t\t<\/div>\n\t\t<\/div>\n\t\t\t\t<div class=\"elementor-column elementor-col-50 elementor-inner-column elementor-element elementor-element-448bd9a\" data-id=\"448bd9a\" data-element_type=\"column\" data-e-type=\"column\">\n\t\t\t<div class=\"elementor-widget-wrap\">\n\t\t\t\t\t\t\t<\/div>\n\t\t<\/div>\n\t\t\t\t\t<\/div>\n\t\t<\/section>\n\t\t\t\t\t<\/div>\n\t\t<\/div>\n\t\t\t\t\t<\/div>\n\t\t<\/section>\n\t\t\t\t<section class=\"elementor-section elementor-top-section elementor-element elementor-element-f5827f9 elementor-section-boxed elementor-section-height-default elementor-section-height-default\" data-id=\"f5827f9\" data-element_type=\"section\" data-e-type=\"section\">\n\t\t\t\t\t\t<div class=\"elementor-container elementor-column-gap-default\">\n\t\t\t\t\t<div class=\"elementor-column elementor-col-100 elementor-top-column elementor-element elementor-element-6ba3082\" data-id=\"6ba3082\" data-element_type=\"column\" data-e-type=\"column\">\n\t\t\t<div class=\"elementor-widget-wrap elementor-element-populated\">\n\t\t\t\t\t\t<div class=\"elementor-element elementor-element-e9e9484 elementor-widget elementor-widget-heading\" data-id=\"e9e9484\" data-element_type=\"widget\" data-e-type=\"widget\" data-widget_type=\"heading.default\">\n\t\t\t\t<div class=\"elementor-widget-container\">\n\t\t\t\t\t<h3 class=\"elementor-heading-title elementor-size-default\">Get in touch with our team!<\/h3>\t\t\t\t<\/div>\n\t\t\t\t<\/div>\n\t\t\t\t<div class=\"elementor-element elementor-element-46b213e elementor-widget elementor-widget-text-editor\" data-id=\"46b213e\" data-element_type=\"widget\" data-e-type=\"widget\" data-widget_type=\"text-editor.default\">\n\t\t\t\t<div class=\"elementor-widget-container\">\n\t\t\t\t\t\t\t\t\t<p>Get in touch with our team of commercial, institutional and residential masonry experts for all your masonry needs in Quebec.<\/p>\n\t\t\t\t\t\t\t\t<\/div>\n\t\t\t\t<\/div>\n\t\t\t\t<div class=\"elementor-element elementor-element-523bc7c elementor-mobile-align-left elementor-align-center elementor-widget elementor-widget-button\" data-id=\"523bc7c\" data-element_type=\"widget\" data-e-type=\"widget\" data-widget_type=\"button.default\">\n\t\t\t\t<div class=\"elementor-widget-container\">\n\t\t\t\t\t\t\t\t\t<div class=\"elementor-button-wrapper\">\n\t\t\t\t\t<a class=\"elementor-button elementor-button-link elementor-size-sm elementor-animation-grow\" href=\"https:\/\/maconneriemurphy.com\/en-ca\/contact-us\/\">\n\t\t\t\t\t\t<span class=\"elementor-button-content-wrapper\">\n\t\t\t\t\t\t\t\t\t<span class=\"elementor-button-text\">Contact us<\/span>\n\t\t\t\t\t<\/span>\n\t\t\t\t\t<\/a>\n\t\t\t\t<\/div>\n\t\t\t\t\t\t\t\t<\/div>\n\t\t\t\t<\/div>\n\t\t\t\t\t<\/div>\n\t\t<\/div>\n\t\t\t\t\t<\/div>\n\t\t<\/section>\n\t\t\t\t<section class=\"elementor-section elementor-top-section elementor-element elementor-element-8a99523 elementor-section-boxed elementor-section-height-default elementor-section-height-default\" data-id=\"8a99523\" data-element_type=\"section\" data-e-type=\"section\" data-settings=\"{&quot;background_background&quot;:&quot;classic&quot;}\">\n\t\t\t\t\t\t<div class=\"elementor-container elementor-column-gap-default\">\n\t\t\t\t\t<div class=\"elementor-column elementor-col-100 elementor-top-column elementor-element elementor-element-fe0a08e\" data-id=\"fe0a08e\" data-element_type=\"column\" data-e-type=\"column\">\n\t\t\t<div class=\"elementor-widget-wrap elementor-element-populated\">\n\t\t\t\t\t\t<div class=\"elementor-element elementor-element-8b90abf elementor-widget elementor-widget-heading\" data-id=\"8b90abf\" data-element_type=\"widget\" data-e-type=\"widget\" data-widget_type=\"heading.default\">\n\t\t\t\t<div class=\"elementor-widget-container\">\n\t\t\t\t\t<h6 class=\"elementor-heading-title elementor-size-default\">The opinions<\/h6>\t\t\t\t<\/div>\n\t\t\t\t<\/div>\n\t\t\t\t<div class=\"elementor-element elementor-element-fcbe571 elementor-widget elementor-widget-heading\" data-id=\"fcbe571\" data-element_type=\"widget\" data-e-type=\"widget\" data-widget_type=\"heading.default\">\n\t\t\t\t<div class=\"elementor-widget-container\">\n\t\t\t\t\t<h2 class=\"elementor-heading-title elementor-size-default\">What our customers think of us<\/h2>\t\t\t\t<\/div>\n\t\t\t\t<\/div>\n\t\t\t\t<div class=\"elementor-element elementor-element-fc2ed91 elementor-widget elementor-widget-spacer\" data-id=\"fc2ed91\" data-element_type=\"widget\" data-e-type=\"widget\" data-widget_type=\"spacer.default\">\n\t\t\t\t<div class=\"elementor-widget-container\">\n\t\t\t\t\t\t\t<div class=\"elementor-spacer\">\n\t\t\t<div class=\"elementor-spacer-inner\"><\/div>\n\t\t<\/div>\n\t\t\t\t\t\t<\/div>\n\t\t\t\t<\/div>\n\t\t\t\t<div class=\"elementor-element elementor-element-9499192 elementor-widget elementor-widget-html\" data-id=\"9499192\" data-element_type=\"widget\" data-e-type=\"widget\" data-widget_type=\"html.default\">\n\t\t\t\t<div class=\"elementor-widget-container\">\n\t\t\t\t\t<script src=\"https:\/\/apps.elfsight.com\/p\/platform.js\" defer><\/script>\r\n<div class=\"elfsight-app-78215585-c52b-4c9c-8eb8-ea7678213f7e\"><\/div>\t\t\t\t<\/div>\n\t\t\t\t<\/div>\n\t\t\t\t<div class=\"elementor-element elementor-element-4735ce5 elementor-align-center elementor-widget elementor-widget-button\" data-id=\"4735ce5\" data-element_type=\"widget\" data-e-type=\"widget\" data-widget_type=\"button.default\">\n\t\t\t\t<div class=\"elementor-widget-container\">\n\t\t\t\t\t\t\t\t\t<div class=\"elementor-button-wrapper\">\n\t\t\t\t\t<a class=\"elementor-button elementor-button-link elementor-size-md\" href=\"https:\/\/maconneriemurphy.com\/en-ca\/contact-us\/\">\n\t\t\t\t\t\t<span class=\"elementor-button-content-wrapper\">\n\t\t\t\t\t\t\t\t\t<span class=\"elementor-button-text\">Contact us<\/span>\n\t\t\t\t\t<\/span>\n\t\t\t\t\t<\/a>\n\t\t\t\t<\/div>\n\t\t\t\t\t\t\t\t<\/div>\n\t\t\t\t<\/div>\n\t\t\t\t\t<\/div>\n\t\t<\/div>\n\t\t\t\t\t<\/div>\n\t\t<\/section>\n\t\t\t\t<\/div>\n\t\t","protected":false},"excerpt":{"rendered":"<p>Our accreditations Our masonry company has several accreditations to offer you exemplary service. REQUEST A QUOTE Building management R\u00e9gie du b\u00e2timent Qu\u00e9bec # 5595-4176-01 Contractor in good standing Occupational Health and Safety Commission, CSST Occupational Health and Safety Commission, CSST We have insurance and surety bonds. Get in touch with our team! Get in touch [&hellip;]<\/p>\n","protected":false},"author":2,"featured_media":0,"parent":0,"menu_order":0,"comment_status":"closed","ping_status":"closed","template":"","meta":{"footnotes":""},"class_list":["post-539","page","type-page","status-publish","hentry"],"_links":{"self":[{"href":"https:\/\/maconneriemurphy.com\/en-ca\/wp-json\/wp\/v2\/pages\/539","targetHints":{"allow":["GET"]}}],"collection":[{"href":"https:\/\/maconneriemurphy.com\/en-ca\/wp-json\/wp\/v2\/pages"}],"about":[{"href":"https:\/\/maconneriemurphy.com\/en-ca\/wp-json\/wp\/v2\/types\/page"}],"author":[{"embeddable":true,"href":"https:\/\/maconneriemurphy.com\/en-ca\/wp-json\/wp\/v2\/users\/2"}],"replies":[{"embeddable":true,"href":"https:\/\/maconneriemurphy.com\/en-ca\/wp-json\/wp\/v2\/comments?post=539"}],"version-history":[{"count":0,"href":"https:\/\/maconneriemurphy.com\/en-ca\/wp-json\/wp\/v2\/pages\/539\/revisions"}],"wp:attachment":[{"href":"https:\/\/maconneriemurphy.com\/en-ca\/wp-json\/wp\/v2\/media?parent=539"}],"curies":[{"name":"wp","href":"https:\/\/api.w.org\/{rel}","templated":true}]}}